{"id":1733,"date":"2026-02-07T16:21:21","date_gmt":"2026-02-07T16:21:21","guid":{"rendered":"https:\/\/marlas.army\/?page_id=1733"},"modified":"2026-03-17T23:48:02","modified_gmt":"2026-03-17T23:48:02","slug":"zitate-brecht-wahrheit-luege","status":"publish","type":"page","link":"https:\/\/marlas.army\/en\/zitate-brecht-wahrheit-luege\/","title":{"rendered":"Wer die Wahrheit nicht wei\u00df \u2026"},"content":{"rendered":"<p><\/p>\n\n\n\n<p>\u201eWer die Wahrheit nicht wei\u00df, der ist blo\u00df ein Dummkopf. Wer sie wei\u00df und sie eine L\u00fcge nennt, der ist ein Verbrecher.\u201c<\/p>\n\n\n\n<p>\u2014 Bertolt Brecht<\/p>\n\n\n\n<p class=\"translation-block\">\u2190 <a href=\"http:\/\/marlas.army\/en\/zitate\/\" target=\"_self\">Back to the quotes overview<\/a><\/p>","protected":false},"excerpt":{"rendered":"<p>\u201eWer die Wahrheit nicht wei\u00df, der ist blo\u00df ein Dummkopf. Wer sie wei\u00df und sie eine L\u00fcge nennt, der ist ein Verbrecher.\u201c \u2014 Bertolt Brecht \u2190 Zur\u00fcck zur Zitate-\u00dcbersicht<\/p>","protected":false},"author":1,"featured_media":1735,"parent":0,"menu_order":0,"comment_status":"closed","ping_status":"closed","template":"","meta":{"footnotes":""},"categories":[],"class_list":["post-1733","page","type-page","status-publish","has-post-thumbnail","hentry"],"jetpack_sharing_enabled":true,"jetpack-related-posts":[],"_links":{"self":[{"href":"https:\/\/marlas.army\/en\/wp-json\/wp\/v2\/pages\/1733","targetHints":{"allow":["GET"]}}],"collection":[{"href":"https:\/\/marlas.army\/en\/wp-json\/wp\/v2\/pages"}],"about":[{"href":"https:\/\/marlas.army\/en\/wp-json\/wp\/v2\/types\/page"}],"author":[{"embeddable":true,"href":"https:\/\/marlas.army\/en\/wp-json\/wp\/v2\/users\/1"}],"replies":[{"embeddable":true,"href":"https:\/\/marlas.army\/en\/wp-json\/wp\/v2\/comments?post=1733"}],"version-history":[{"count":1,"href":"https:\/\/marlas.army\/en\/wp-json\/wp\/v2\/pages\/1733\/revisions"}],"predecessor-version":[{"id":1736,"href":"https:\/\/marlas.army\/en\/wp-json\/wp\/v2\/pages\/1733\/revisions\/1736"}],"wp:featuredmedia":[{"embeddable":true,"href":"https:\/\/marlas.army\/en\/wp-json\/wp\/v2\/media\/1735"}],"wp:attachment":[{"href":"https:\/\/marlas.army\/en\/wp-json\/wp\/v2\/media?parent=1733"}],"wp:term":[{"taxonomy":"category","embeddable":true,"href":"https:\/\/marlas.army\/en\/wp-json\/wp\/v2\/categories?post=1733"}],"curies":[{"name":"wp","href":"https:\/\/api.w.org\/{rel}","templated":true}]}}