{"id":1824,"date":"2026-02-08T10:28:58","date_gmt":"2026-02-08T10:28:58","guid":{"rendered":"https:\/\/marlas.army\/?page_id=1824"},"modified":"2026-03-17T23:48:01","modified_gmt":"2026-03-17T23:48:01","slug":"realitaet-existiert-nur-im-menschlichen-bewusstsein-und-nirgendwo-sonst","status":"publish","type":"page","link":"https:\/\/marlas.army\/en\/realitaet-existiert-nur-im-menschlichen-bewusstsein-und-nirgendwo-sonst\/","title":{"rendered":"Realit\u00e4t existiert nur im menschlichen Bewusstsein \u2013 und nirgendwo sonst."},"content":{"rendered":"<p>\u2014 O\u2019Brien \u2013 1984<\/p>\n\n\n\n<p>Das Zitat formuliert eine totalit\u00e4re Wahrheitsdefinition, in der Realit\u00e4t ausschlie\u00dflich durch kontrolliertes Bewusstsein bestimmt wird.<\/p>\n\n\n\n<p>\u2190 <a href=\"http:\/\/marlas.army\/en\/filmzitate\/\" data-type=\"link\" data-id=\"marlas.army\/filmzitate\">Zur \u00dcbersicht der Filmzitate<\/a><\/p>\n\n\n\n<p><\/p>","protected":false},"excerpt":{"rendered":"<p>\u2014 O\u2019Brien \u2013 1984 Das Zitat formuliert eine totalit\u00e4re Wahrheitsdefinition, in der Realit\u00e4t ausschlie\u00dflich durch kontrolliertes Bewusstsein bestimmt wird. \u2190 Zur \u00dcbersicht der Filmzitate<\/p>","protected":false},"author":1,"featured_media":1829,"parent":0,"menu_order":0,"comment_status":"closed","ping_status":"closed","template":"","meta":{"footnotes":""},"categories":[],"class_list":["post-1824","page","type-page","status-publish","has-post-thumbnail","hentry"],"jetpack_sharing_enabled":true,"jetpack-related-posts":[],"_links":{"self":[{"href":"https:\/\/marlas.army\/en\/wp-json\/wp\/v2\/pages\/1824","targetHints":{"allow":["GET"]}}],"collection":[{"href":"https:\/\/marlas.army\/en\/wp-json\/wp\/v2\/pages"}],"about":[{"href":"https:\/\/marlas.army\/en\/wp-json\/wp\/v2\/types\/page"}],"author":[{"embeddable":true,"href":"https:\/\/marlas.army\/en\/wp-json\/wp\/v2\/users\/1"}],"replies":[{"embeddable":true,"href":"https:\/\/marlas.army\/en\/wp-json\/wp\/v2\/comments?post=1824"}],"version-history":[{"count":1,"href":"https:\/\/marlas.army\/en\/wp-json\/wp\/v2\/pages\/1824\/revisions"}],"predecessor-version":[{"id":1830,"href":"https:\/\/marlas.army\/en\/wp-json\/wp\/v2\/pages\/1824\/revisions\/1830"}],"wp:featuredmedia":[{"embeddable":true,"href":"https:\/\/marlas.army\/en\/wp-json\/wp\/v2\/media\/1829"}],"wp:attachment":[{"href":"https:\/\/marlas.army\/en\/wp-json\/wp\/v2\/media?parent=1824"}],"wp:term":[{"taxonomy":"category","embeddable":true,"href":"https:\/\/marlas.army\/en\/wp-json\/wp\/v2\/categories?post=1824"}],"curies":[{"name":"wp","href":"https:\/\/api.w.org\/{rel}","templated":true}]}}