{"id":1916,"date":"2026-02-08T14:01:59","date_gmt":"2026-02-08T14:01:59","guid":{"rendered":"https:\/\/marlas.army\/?page_id=1916"},"modified":"2026-03-17T23:48:00","modified_gmt":"2026-03-17T23:48:00","slug":"filmzitate-das-gesetz-irrt-nie","status":"publish","type":"page","link":"https:\/\/marlas.army\/en\/filmzitate-das-gesetz-irrt-nie\/","title":{"rendered":"Das Gesetz irrt nie."},"content":{"rendered":"<p>\u2014 Beh\u00f6rde, <em>Brazil<\/em><\/p>\n\n\n\n<p>Das Zitat beschreibt den Unfehlbarkeitsanspruch staatlicher Systeme, in denen formale Regeln \u00fcber \u00fcberpr\u00fcfbare Realit\u00e4t gestellt werden.<\/p>\n\n\n\n<p>\u2190 <a href=\"http:\/\/marlas.army\/en\/filmzitate\/\" data-type=\"link\" data-id=\"marlas.army\/filmzitate\">Zur \u00dcbersicht der Filmzitate<\/a><\/p>\n\n\n\n<p><\/p>","protected":false},"excerpt":{"rendered":"<p>\u2014 Beh\u00f6rde, Brazil Das Zitat beschreibt den Unfehlbarkeitsanspruch staatlicher Systeme, in denen formale Regeln \u00fcber \u00fcberpr\u00fcfbare Realit\u00e4t gestellt werden. \u2190 Zur \u00dcbersicht der Filmzitate<\/p>","protected":false},"author":1,"featured_media":1917,"parent":0,"menu_order":0,"comment_status":"closed","ping_status":"closed","template":"","meta":{"footnotes":""},"categories":[],"class_list":["post-1916","page","type-page","status-publish","has-post-thumbnail","hentry"],"jetpack_sharing_enabled":true,"jetpack-related-posts":[],"_links":{"self":[{"href":"https:\/\/marlas.army\/en\/wp-json\/wp\/v2\/pages\/1916","targetHints":{"allow":["GET"]}}],"collection":[{"href":"https:\/\/marlas.army\/en\/wp-json\/wp\/v2\/pages"}],"about":[{"href":"https:\/\/marlas.army\/en\/wp-json\/wp\/v2\/types\/page"}],"author":[{"embeddable":true,"href":"https:\/\/marlas.army\/en\/wp-json\/wp\/v2\/users\/1"}],"replies":[{"embeddable":true,"href":"https:\/\/marlas.army\/en\/wp-json\/wp\/v2\/comments?post=1916"}],"version-history":[{"count":1,"href":"https:\/\/marlas.army\/en\/wp-json\/wp\/v2\/pages\/1916\/revisions"}],"predecessor-version":[{"id":1918,"href":"https:\/\/marlas.army\/en\/wp-json\/wp\/v2\/pages\/1916\/revisions\/1918"}],"wp:featuredmedia":[{"embeddable":true,"href":"https:\/\/marlas.army\/en\/wp-json\/wp\/v2\/media\/1917"}],"wp:attachment":[{"href":"https:\/\/marlas.army\/en\/wp-json\/wp\/v2\/media?parent=1916"}],"wp:term":[{"taxonomy":"category","embeddable":true,"href":"https:\/\/marlas.army\/en\/wp-json\/wp\/v2\/categories?post=1916"}],"curies":[{"name":"wp","href":"https:\/\/api.w.org\/{rel}","templated":true}]}}