{"id":2079,"date":"2026-02-09T07:10:18","date_gmt":"2026-02-09T07:10:18","guid":{"rendered":"https:\/\/marlas.army\/?page_id=2079"},"modified":"2026-03-17T23:48:02","modified_gmt":"2026-03-17T23:48:02","slug":"zitate-unsere-energiewende-wird-auf-der-ganzen-welt-kopiert","status":"publish","type":"page","link":"https:\/\/marlas.army\/en\/zitate-unsere-energiewende-wird-auf-der-ganzen-welt-kopiert\/","title":{"rendered":"Our energy transition is being copied all over the world."},"content":{"rendered":"<p class=\"translation-block\">\u2014 Katharina Dr\u00f6ge, Alliance 90\/The Greens <em>(paraphrased)<\/em><\/p>\n\n\n\n<p>The quote portrays the energy transition as an international model and emphasizes a global leadership role for German policy. It reflects the Greens\u2019 self-image of achieving international impact through national measures. Viewed critically, this narrative overlooks questions about actual adoption elsewhere, cost implications, and security of supply.<\/p>\n\n\n\n<hr class=\"wp-block-separator has-alpha-channel-opacity\"\/>\n\n\n\n<p>\u2190 <a href=\"http:\/\/marlas.army\/en\/gegner-zitate\/\">To the overview of opponent quotes<\/a><\/p>\n\n\n\n<figure class=\"wp-block-embed is-type-video is-provider-youtube wp-block-embed-youtube wp-embed-aspect-9-16 wp-has-aspect-ratio\"><div class=\"wp-block-embed__wrapper\">\n<iframe loading=\"lazy\" title=\"Our energy transition is being copied all over the world.\" width=\"422\" height=\"750\" src=\"https:\/\/www.youtube.com\/embed\/QMv91fTh3ao?feature=oembed\" frameborder=\"0\" allow=\"accelerometer; autoplay; clipboard-write; encrypted-media; gyroscope; picture-in-picture; web-share\" referrerpolicy=\"strict-origin-when-cross-origin\" allowfullscreen><\/iframe>\n<\/div><\/figure>","protected":false},"excerpt":{"rendered":"<p>\u2014 Katharina Dr\u00f6ge, B\u00fcndnis 90\/Die Gr\u00fcnen (sinngem\u00e4\u00df) Das Zitat beschreibt die Energiewende als internationales Vorbild und betont eine globale Vorreiterrolle deutscher Politik. Es spiegelt das Selbstverst\u00e4ndnis der Gr\u00fcnen wider, mit nationalen Ma\u00dfnahmen internationale Wirkung zu entfalten. Kritisch betrachtet bleibt diese Darstellung ein politisches Narrativ, das Fragen nach tats\u00e4chlicher Nachahmung, Kostenfolgen und Versorgungssicherheit ausblendet. \u2190 Zur [&hellip;]<\/p>\n","protected":false},"author":1,"featured_media":2080,"parent":0,"menu_order":0,"comment_status":"closed","ping_status":"closed","template":"","meta":{"footnotes":""},"categories":[],"class_list":["post-2079","page","type-page","status-publish","has-post-thumbnail","hentry"],"jetpack_sharing_enabled":true,"jetpack-related-posts":[],"_links":{"self":[{"href":"https:\/\/marlas.army\/en\/wp-json\/wp\/v2\/pages\/2079","targetHints":{"allow":["GET"]}}],"collection":[{"href":"https:\/\/marlas.army\/en\/wp-json\/wp\/v2\/pages"}],"about":[{"href":"https:\/\/marlas.army\/en\/wp-json\/wp\/v2\/types\/page"}],"author":[{"embeddable":true,"href":"https:\/\/marlas.army\/en\/wp-json\/wp\/v2\/users\/1"}],"replies":[{"embeddable":true,"href":"https:\/\/marlas.army\/en\/wp-json\/wp\/v2\/comments?post=2079"}],"version-history":[{"count":3,"href":"https:\/\/marlas.army\/en\/wp-json\/wp\/v2\/pages\/2079\/revisions"}],"predecessor-version":[{"id":3000,"href":"https:\/\/marlas.army\/en\/wp-json\/wp\/v2\/pages\/2079\/revisions\/3000"}],"wp:featuredmedia":[{"embeddable":true,"href":"https:\/\/marlas.army\/en\/wp-json\/wp\/v2\/media\/2080"}],"wp:attachment":[{"href":"https:\/\/marlas.army\/en\/wp-json\/wp\/v2\/media?parent=2079"}],"wp:term":[{"taxonomy":"category","embeddable":true,"href":"https:\/\/marlas.army\/en\/wp-json\/wp\/v2\/categories?post=2079"}],"curies":[{"name":"wp","href":"https:\/\/api.w.org\/{rel}","templated":true}]}}