{"id":2147,"date":"2026-02-09T17:29:26","date_gmt":"2026-02-09T17:29:26","guid":{"rendered":"https:\/\/marlas.army\/?page_id=2147"},"modified":"2026-03-17T23:48:01","modified_gmt":"2026-03-17T23:48:01","slug":"zitate-man-kann-in-deutschland-alles-sagen","status":"publish","type":"page","link":"https:\/\/marlas.army\/en\/zitate-man-kann-in-deutschland-alles-sagen\/","title":{"rendered":"In Germany, you can basically say anything. You just sometimes have to deal with the consequences."},"content":{"rendered":"<p>\u2014 Dunja Hayali, ZDF<\/p>\n\n\n\n<p>The statement is framed as a question and aims to spark a debate about cost\u2013benefit considerations in the healthcare system. It touches on fundamental issues of medical prioritization and professional responsibility. Critically, it introduces economic reasoning into a highly sensitive domain involving dignity, the value of life, and security of care. The impact of such questions depends heavily on whether they are understood as an ethical deliberation or as a logic of cost-cutting.<\/p>\n\n\n\n<hr class=\"wp-block-separator has-alpha-channel-opacity\"\/>\n\n\n\n<p>\u2190 <a href=\"http:\/\/marlas.army\/en\/gegner-zitate\/\">To the overview of opponent quotes<\/a><\/p>\n\n\n\n<p><\/p>","protected":false},"excerpt":{"rendered":"<p>\u2014 Dunja Hayali, ZDF Die Aussage ist als Frage formuliert und zielt auf eine Debatte \u00fcber Kosten-Nutzen-Abw\u00e4gungen im Gesundheitssystem. Sie ber\u00fchrt grundlegende Fragen medizinischer Priorisierung und \u00e4rztlicher Verantwortung. Kritisch ist dabei, dass \u00f6konomische \u00dcberlegungen in einen sensiblen Bereich von W\u00fcrde, Lebenswert und Versorgungssicherheit hineinreichen. Die Wirkung solcher Fragen h\u00e4ngt stark davon ab, ob sie als [&hellip;]<\/p>\n","protected":false},"author":1,"featured_media":2148,"parent":0,"menu_order":0,"comment_status":"closed","ping_status":"closed","template":"","meta":{"footnotes":""},"categories":[],"class_list":["post-2147","page","type-page","status-publish","has-post-thumbnail","hentry"],"jetpack_sharing_enabled":true,"jetpack-related-posts":[],"_links":{"self":[{"href":"https:\/\/marlas.army\/en\/wp-json\/wp\/v2\/pages\/2147","targetHints":{"allow":["GET"]}}],"collection":[{"href":"https:\/\/marlas.army\/en\/wp-json\/wp\/v2\/pages"}],"about":[{"href":"https:\/\/marlas.army\/en\/wp-json\/wp\/v2\/types\/page"}],"author":[{"embeddable":true,"href":"https:\/\/marlas.army\/en\/wp-json\/wp\/v2\/users\/1"}],"replies":[{"embeddable":true,"href":"https:\/\/marlas.army\/en\/wp-json\/wp\/v2\/comments?post=2147"}],"version-history":[{"count":1,"href":"https:\/\/marlas.army\/en\/wp-json\/wp\/v2\/pages\/2147\/revisions"}],"predecessor-version":[{"id":2149,"href":"https:\/\/marlas.army\/en\/wp-json\/wp\/v2\/pages\/2147\/revisions\/2149"}],"wp:featuredmedia":[{"embeddable":true,"href":"https:\/\/marlas.army\/en\/wp-json\/wp\/v2\/media\/2148"}],"wp:attachment":[{"href":"https:\/\/marlas.army\/en\/wp-json\/wp\/v2\/media?parent=2147"}],"wp:term":[{"taxonomy":"category","embeddable":true,"href":"https:\/\/marlas.army\/en\/wp-json\/wp\/v2\/categories?post=2147"}],"curies":[{"name":"wp","href":"https:\/\/api.w.org\/{rel}","templated":true}]}}