{"id":2768,"date":"2026-02-28T07:34:09","date_gmt":"2026-02-28T07:34:09","guid":{"rendered":"https:\/\/marlas.army\/?page_id=2768"},"modified":"2026-03-17T23:48:02","modified_gmt":"2026-03-17T23:48:02","slug":"zitate-wenn-man-100-wird-kann-man-nicht-mit-mitte-60-aufhoeren-zu-arbeiten","status":"publish","type":"page","link":"https:\/\/marlas.army\/en\/zitate-wenn-man-100-wird-kann-man-nicht-mit-mitte-60-aufhoeren-zu-arbeiten\/","title":{"rendered":"Wenn man 100 wird, kann man nicht mit Mitte 60 aufh\u00f6ren zu arbeiten."},"content":{"rendered":"<p>\u2014 Jens Spahn, CDU<\/p>\n\n\n\n<p>Das Zitat thematisiert den Zusammenhang zwischen steigender Lebenserwartung und Lebensarbeitszeit. Jens Spahn stellt die These auf, dass ein l\u00e4ngeres Leben auch eine l\u00e4ngere Erwerbsphase notwendig macht, um das Rentensystem zu stabilisieren. Kritisch betrachtet verschiebt diese Argumentation die Verantwortung stark auf individuelle Arbeitsbiografien, ohne strukturelle Unterschiede in Gesundheit, Einkommen und Berufsbelastung ausreichend zu ber\u00fccksichtigen. Die Aussage wirkt damit wie ein politischer Vorsto\u00df zur Normalisierung eines h\u00f6heren Renteneintrittsalters.<\/p>\n\n\n\n<hr class=\"wp-block-separator has-alpha-channel-opacity\"\/>\n\n\n\n<p>\u2190 <a href=\"http:\/\/marlas.army\/en\/gegner-zitate\/\">To the overview of opponent quotes<\/a><\/p>\n\n\n\n<p><\/p>","protected":false},"excerpt":{"rendered":"<p>\u2014 Jens Spahn, CDU Das Zitat thematisiert den Zusammenhang zwischen steigender Lebenserwartung und Lebensarbeitszeit. Jens Spahn stellt die These auf, dass ein l\u00e4ngeres Leben auch eine l\u00e4ngere Erwerbsphase notwendig macht, um das Rentensystem zu stabilisieren. Kritisch betrachtet verschiebt diese Argumentation die Verantwortung stark auf individuelle Arbeitsbiografien, ohne strukturelle Unterschiede in Gesundheit, Einkommen und Berufsbelastung ausreichend [&hellip;]<\/p>\n","protected":false},"author":1,"featured_media":2769,"parent":0,"menu_order":0,"comment_status":"closed","ping_status":"closed","template":"","meta":{"footnotes":""},"categories":[],"class_list":["post-2768","page","type-page","status-publish","has-post-thumbnail","hentry"],"jetpack_sharing_enabled":true,"jetpack-related-posts":[],"_links":{"self":[{"href":"https:\/\/marlas.army\/en\/wp-json\/wp\/v2\/pages\/2768","targetHints":{"allow":["GET"]}}],"collection":[{"href":"https:\/\/marlas.army\/en\/wp-json\/wp\/v2\/pages"}],"about":[{"href":"https:\/\/marlas.army\/en\/wp-json\/wp\/v2\/types\/page"}],"author":[{"embeddable":true,"href":"https:\/\/marlas.army\/en\/wp-json\/wp\/v2\/users\/1"}],"replies":[{"embeddable":true,"href":"https:\/\/marlas.army\/en\/wp-json\/wp\/v2\/comments?post=2768"}],"version-history":[{"count":1,"href":"https:\/\/marlas.army\/en\/wp-json\/wp\/v2\/pages\/2768\/revisions"}],"predecessor-version":[{"id":2770,"href":"https:\/\/marlas.army\/en\/wp-json\/wp\/v2\/pages\/2768\/revisions\/2770"}],"wp:featuredmedia":[{"embeddable":true,"href":"https:\/\/marlas.army\/en\/wp-json\/wp\/v2\/media\/2769"}],"wp:attachment":[{"href":"https:\/\/marlas.army\/en\/wp-json\/wp\/v2\/media?parent=2768"}],"wp:term":[{"taxonomy":"category","embeddable":true,"href":"https:\/\/marlas.army\/en\/wp-json\/wp\/v2\/categories?post=2768"}],"curies":[{"name":"wp","href":"https:\/\/api.w.org\/{rel}","templated":true}]}}