{"id":3537,"date":"2026-03-21T19:07:40","date_gmt":"2026-03-21T19:07:40","guid":{"rendered":"https:\/\/marlas.army\/?page_id=3537"},"modified":"2026-03-22T16:32:54","modified_gmt":"2026-03-22T16:32:54","slug":"zitate-ueber-liebich","status":"publish","type":"page","link":"https:\/\/marlas.army\/en\/zitate-ueber-liebich\/","title":{"rendered":"Zitate \u00fcber Liebich"},"content":{"rendered":"\n<p><\/p>\n\n\n\n<div class=\"wp-block-group is-layout-constrained wp-block-group-is-layout-constrained\">\n<h3 class=\"wp-block-heading\">Zitate \u00fcber Liebich \u2013 Im Original<\/h3>\n\n\n\n<p>Auf dieser Seite sammle ich \u00f6ffentlich get\u00e4tigte Aussagen \u00fcber <strong>Liebich<\/strong> \u2013 von Medienvertretern, politischen Akteuren, Institutionen und weiteren \u00f6ffentlichen Stimmen.<\/p>\n\n\n\n<p>Die hier dokumentierten Zitate werden im <strong>Originalwortlaut<\/strong> wiedergegeben und \u2013 soweit m\u00f6glich \u2013 mit Quelle, Datum und Kontext versehen. Ziel dieser Sammlung ist <strong>keine Zustimmung<\/strong>, sondern <strong>Dokumentation<\/strong>.<\/p>\n\n\n\n<p><strong>Hinweis zur Einordnung:<\/strong><br>Ein Teil der hier erfassten Aussagen bezieht sich auf fr\u00fchere \u00f6ffentliche Auftritte, die in einer <strong>m\u00e4nnlich gelesenen Kunstrolle<\/strong> stattfanden. Entsprechend verwenden einige Zitate eine m\u00e4nnliche Ansprache oder beziehen sich auf diese Figur.<br>Diese Formulierungen werden <strong>unver\u00e4ndert \u00fcbernommen<\/strong>, da sie den jeweiligen Kontext widerspiegeln, in dem die Aussagen getroffen wurden.<\/p>\n\n\n\n<p>Das Zitieren dieser Aussagen bedeutet ausdr\u00fccklich <strong>keine inhaltliche Aneignung oder Unterst\u00fctzung<\/strong>.<br>Im Gegenteil: Diese Sammlung dient der <strong>Nachvollziehbarkeit<\/strong>, der <strong>Einordnung<\/strong> und der <strong>\u00f6ffentlichen Auseinandersetzung<\/strong> mit Darstellungen, Bewertungen und Zuschreibungen, die \u00fcber Liebich verbreitet wurden.<\/p>\n\n\n\n<p>Jedes Zitat steht f\u00fcr sich.<br>Es wird <strong>nicht ver\u00e4ndert, nicht besch\u00f6nigt und nicht interpretiert<\/strong>.<\/p>\n\n\n\n<p>Denn wer \u00f6ffentlich spricht, hinterl\u00e4sst Spuren.<br>Und was einmal gesagt wurde, geh\u00f6rt auch zur Geschichte.<\/p>\n\n\n\n<hr class=\"wp-block-separator has-alpha-channel-opacity\"\/>\n\n\n\n<p>\u201eLiebich ist einer der schrillsten Aktivisten, der lautesten Provokateure und vulg\u00e4rsten Hetzer im rechten Milieu &#8230; \u201c<br>\u2014 Stefanie Heide, der rechte Rand<br>\u2192 steuerfinanzierte Antifa-Fotografin<br><strong>[<a href=\"https:\/\/marlas.army\/zitate-stefanie-heide-ueber-liebich\/\">Zum Zitat<\/a> \u2192]<\/strong><\/p>\n\n\n\n<p>\u201eNiemand hat uns vor Liebich gewarnt\u201c<br>\u2014 Shehroz Sial, Ahmadiyya Jugend<br>\u2192 Koranverteiler<br><strong>[<a href=\"https:\/\/marlas.army\/zitate-vor-fussballfans-hat-man-uns-gewarnt-aber-vor-liebich-nicht\/\">Zum Zitat<\/a> \u2192]<\/strong><\/p>\n\n\n\n<p><\/p>\n\n\n\n<p><\/p>\n<\/div>\n","protected":false},"excerpt":{"rendered":"<p>Zitate \u00fcber Liebich \u2013 Im Original Auf dieser Seite sammle ich \u00f6ffentlich get\u00e4tigte Aussagen \u00fcber Liebich \u2013 von Medienvertretern, politischen Akteuren, Institutionen und weiteren \u00f6ffentlichen Stimmen. Die hier dokumentierten Zitate werden im Originalwortlaut wiedergegeben und \u2013 soweit m\u00f6glich \u2013 mit Quelle, Datum und Kontext versehen. Ziel dieser Sammlung ist keine Zustimmung, sondern Dokumentation. Hinweis zur [&hellip;]<\/p>\n","protected":false},"author":1,"featured_media":3538,"parent":0,"menu_order":0,"comment_status":"open","ping_status":"closed","template":"","meta":{"footnotes":""},"categories":[],"class_list":["post-3537","page","type-page","status-publish","has-post-thumbnail","hentry"],"jetpack_sharing_enabled":true,"jetpack-related-posts":[],"_links":{"self":[{"href":"https:\/\/marlas.army\/en\/wp-json\/wp\/v2\/pages\/3537","targetHints":{"allow":["GET"]}}],"collection":[{"href":"https:\/\/marlas.army\/en\/wp-json\/wp\/v2\/pages"}],"about":[{"href":"https:\/\/marlas.army\/en\/wp-json\/wp\/v2\/types\/page"}],"author":[{"embeddable":true,"href":"https:\/\/marlas.army\/en\/wp-json\/wp\/v2\/users\/1"}],"replies":[{"embeddable":true,"href":"https:\/\/marlas.army\/en\/wp-json\/wp\/v2\/comments?post=3537"}],"version-history":[{"count":3,"href":"https:\/\/marlas.army\/en\/wp-json\/wp\/v2\/pages\/3537\/revisions"}],"predecessor-version":[{"id":3578,"href":"https:\/\/marlas.army\/en\/wp-json\/wp\/v2\/pages\/3537\/revisions\/3578"}],"wp:featuredmedia":[{"embeddable":true,"href":"https:\/\/marlas.army\/en\/wp-json\/wp\/v2\/media\/3538"}],"wp:attachment":[{"href":"https:\/\/marlas.army\/en\/wp-json\/wp\/v2\/media?parent=3537"}],"wp:term":[{"taxonomy":"category","embeddable":true,"href":"https:\/\/marlas.army\/en\/wp-json\/wp\/v2\/categories?post=3537"}],"curies":[{"name":"wp","href":"https:\/\/api.w.org\/{rel}","templated":true}]}}