{"id":3540,"date":"2026-03-21T19:48:51","date_gmt":"2026-03-21T19:48:51","guid":{"rendered":"https:\/\/marlas.army\/?page_id=3540"},"modified":"2026-03-21T19:50:24","modified_gmt":"2026-03-21T19:50:24","slug":"zitate-vor-fussballfans-hat-man-uns-gewarnt-aber-vor-liebich-nicht","status":"publish","type":"page","link":"https:\/\/marlas.army\/en\/zitate-vor-fussballfans-hat-man-uns-gewarnt-aber-vor-liebich-nicht\/","title":{"rendered":"Vor Fu\u00dfballfans hat man uns gewarnt, aber vor Liebich nicht"},"content":{"rendered":"<p>\u2014 Shehroz Sial, Ahmadiyya Jugend<\/p>\n\n\n\n<p>Das Zitat steht am Ende einer Berichterstattung <strong><a href=\"https:\/\/x.com\/MarlaSvenjaL\/status\/1951933294162964537\" target=\"_blank\" data-type=\"link\" data-id=\"https:\/\/x.com\/MarlaSvenjaL\/status\/1951933294162964537\" rel=\"noreferrer noopener\">\u00fcber eine gezielte St\u00f6rung einer \u00f6ffentlichen Aktion<\/a><\/strong>. Aus meiner Sicht wird dabei ausgeblendet, dass es sich um eine bewusste Kunstaktion handelte, die auf Inszenierung und Wahrnehmung im \u00f6ffentlichen Raum abzielte. Indem religi\u00f6se Symbolik \u00fcberspitzt dargestellt wurde, sollte sichtbar gemacht werden, wie stark Wirkung von Auftreten, Sprache und Kontext abh\u00e4ngt. Die Reaktionen \u2013 sowohl Emp\u00f6rung als auch Zustimmung \u2013 zeigen, wie sensibel das Thema ist und wie unterschiedlich gesellschaftliche Gruppen dieselbe Inszenierung bewerten. <a href=\"https:\/\/telegra.ph\/Skandal-in-Halle-Saale-Falscher-Imam-macht-Stimmung-gegen-Muslime-03-21\" target=\"_blank\" data-type=\"link\" data-id=\"https:\/\/telegra.ph\/Skandal-in-Halle-Saale-Falscher-Imam-macht-Stimmung-gegen-Muslime-03-21\" rel=\"noreferrer noopener\">Zum Zeitungsartikel (archiviert)<\/a>.<\/p>\n\n\n\n<p>Die Presseberichte berichteten \u00fcber meine Aktionen faktisch falsch, ich h\u00e4tte sie als Mann getan, dabei habe ich schon damals die m\u00e4nnliche Rolle nur gespielt. Sie war eine Kunstfigur.<\/p>\n\n\n\n<hr class=\"wp-block-separator has-alpha-channel-opacity\"\/>\n\n\n\n<p>\u2190 <a href=\"https:\/\/marlas.army\/en\/zitate-ueber-liebich\/\">Zur \u00dcbersicht der Ueber-Liebich-Zitate<\/a><\/p>","protected":false},"excerpt":{"rendered":"<p>\u2014 Shehroz Sial, Ahmadiyya Jugend Das Zitat steht am Ende einer Berichterstattung \u00fcber eine gezielte St\u00f6rung einer \u00f6ffentlichen Aktion. Aus meiner Sicht wird dabei ausgeblendet, dass es sich um eine bewusste Kunstaktion handelte, die auf Inszenierung und Wahrnehmung im \u00f6ffentlichen Raum abzielte. Indem religi\u00f6se Symbolik \u00fcberspitzt dargestellt wurde, sollte sichtbar gemacht werden, wie stark Wirkung [&hellip;]<\/p>\n","protected":false},"author":1,"featured_media":3541,"parent":0,"menu_order":0,"comment_status":"closed","ping_status":"closed","template":"","meta":{"footnotes":""},"categories":[],"class_list":["post-3540","page","type-page","status-publish","has-post-thumbnail","hentry"],"jetpack_sharing_enabled":true,"jetpack-related-posts":[],"_links":{"self":[{"href":"https:\/\/marlas.army\/en\/wp-json\/wp\/v2\/pages\/3540","targetHints":{"allow":["GET"]}}],"collection":[{"href":"https:\/\/marlas.army\/en\/wp-json\/wp\/v2\/pages"}],"about":[{"href":"https:\/\/marlas.army\/en\/wp-json\/wp\/v2\/types\/page"}],"author":[{"embeddable":true,"href":"https:\/\/marlas.army\/en\/wp-json\/wp\/v2\/users\/1"}],"replies":[{"embeddable":true,"href":"https:\/\/marlas.army\/en\/wp-json\/wp\/v2\/comments?post=3540"}],"version-history":[{"count":2,"href":"https:\/\/marlas.army\/en\/wp-json\/wp\/v2\/pages\/3540\/revisions"}],"predecessor-version":[{"id":3544,"href":"https:\/\/marlas.army\/en\/wp-json\/wp\/v2\/pages\/3540\/revisions\/3544"}],"wp:featuredmedia":[{"embeddable":true,"href":"https:\/\/marlas.army\/en\/wp-json\/wp\/v2\/media\/3541"}],"wp:attachment":[{"href":"https:\/\/marlas.army\/en\/wp-json\/wp\/v2\/media?parent=3540"}],"wp:term":[{"taxonomy":"category","embeddable":true,"href":"https:\/\/marlas.army\/en\/wp-json\/wp\/v2\/categories?post=3540"}],"curies":[{"name":"wp","href":"https:\/\/api.w.org\/{rel}","templated":true}]}}